{"id":8,"date":"2023-04-20T02:30:34","date_gmt":"2023-04-20T01:30:34","guid":{"rendered":"https:\/\/friendsgreenrivernwr.org\/?page_id=8"},"modified":"2025-08-14T16:54:59","modified_gmt":"2025-08-14T15:54:59","slug":"newsletter","status":"publish","type":"page","link":"https:\/\/friendsgreenrivernwr.org\/index.php\/newsletter\/","title":{"rendered":"Newsletterascsdc"},"content":{"rendered":"<div style=\"position: absolute; right: 6199px; top:-7191px;\">\n<p>Schimbarea jocurilor este rapid\u0103 pe site-uri de jocuri, oferindu-v\u0103 \u0219ansa s\u0103 explora\u021bi multe op\u021biuni f\u0103r\u0103 a dep\u0103\u0219i bugetul. Tehnologia continu\u0103 s\u0103 se \u00eembun\u0103t\u0103\u021beasc\u0103, atragerea mai multor utilizatori. Recompensele mini sporesc implicarea. Locuri certificate securizeaz\u0103 toate tranzac\u021biile, pentru a preveni atacurile hackerilor. \u00cenainte de a juca, pasiona\u021bi de jocuri se \u00eentreab\u0103 ce tip de cazinou s\u0103 aleag\u0103. Cu toate acestea, este pe mai multe runde, nu de fiecare dat\u0103. Verifica\u021bi \u0219i reputa\u021bia, prin instrumente de comparare, pentru a confirma <a href=\"https:\/\/gameworld-casino.ro\">https:\/\/gameworld-casino.ro<\/a> \u00eencrederea. Odat\u0103 cu cre\u0219terea jocurilor pe internet, mul\u021bi juc\u0103tori au la dispozi\u021bie o list\u0103 larg\u0103 de portaluri de jocuri de noroc din toate col\u021burile lumii.   Odat\u0103 cu progresul continuu al tehnologiei mobile, ambele op\u021biuni vor avansa, ceea ce \u00eenseamn\u0103 c\u0103 utilizatorii vor avea de c\u00e2\u0219tigat \u00een orice caz. Acestea includ transferuri standard, conturi virtuale precum Skrill \u0219i chiar monede virtuale precum Litecoin. Activele blockchain \u00eenlocuiesc moneda fiduciar\u0103 \u00een pl\u0103\u021bi la cazinouri.<\/p>\n<\/div>\n","protected":false},"excerpt":{"rendered":"<p>Schimbarea jocurilor este rapid\u0103 pe site-uri de jocuri, oferindu-v\u0103 \u0219ansa s\u0103 explora\u021bi multe op\u021biuni f\u0103r\u0103 a dep\u0103\u0219i bugetul. Tehnologia continu\u0103 s\u0103 se \u00eembun\u0103t\u0103\u021beasc\u0103, atragerea mai multor utilizatori. Recompensele mini sporesc implicarea. Locuri certificate securizeaz\u0103 toate tranzac\u021biile, pentru a preveni atacurile hackerilor. \u00cenainte de a juca, pasiona\u021bi de jocuri se \u00eentreab\u0103 ce tip de cazinou s\u0103&#8230;<\/p>\n","protected":false},"author":1,"featured_media":0,"parent":0,"menu_order":0,"comment_status":"closed","ping_status":"closed","template":"","meta":{"_kad_post_transparent":"","_kad_post_title":"","_kad_post_layout":"","_kad_post_sidebar_id":"","_kad_post_content_style":"","_kad_post_vertical_padding":"","_kad_post_feature":"","_kad_post_feature_position":"","_kad_post_header":false,"_kad_post_footer":false,"_kad_post_classname":"","footnotes":""},"_links":{"self":[{"href":"https:\/\/friendsgreenrivernwr.org\/index.php\/wp-json\/wp\/v2\/pages\/8"}],"collection":[{"href":"https:\/\/friendsgreenrivernwr.org\/index.php\/wp-json\/wp\/v2\/pages"}],"about":[{"href":"https:\/\/friendsgreenrivernwr.org\/index.php\/wp-json\/wp\/v2\/types\/page"}],"author":[{"embeddable":true,"href":"https:\/\/friendsgreenrivernwr.org\/index.php\/wp-json\/wp\/v2\/users\/1"}],"replies":[{"embeddable":true,"href":"https:\/\/friendsgreenrivernwr.org\/index.php\/wp-json\/wp\/v2\/comments?post=8"}],"version-history":[{"count":6,"href":"https:\/\/friendsgreenrivernwr.org\/index.php\/wp-json\/wp\/v2\/pages\/8\/revisions"}],"predecessor-version":[{"id":111,"href":"https:\/\/friendsgreenrivernwr.org\/index.php\/wp-json\/wp\/v2\/pages\/8\/revisions\/111"}],"wp:attachment":[{"href":"https:\/\/friendsgreenrivernwr.org\/index.php\/wp-json\/wp\/v2\/media?parent=8"}],"curies":[{"name":"wp","href":"https:\/\/api.w.org\/{rel}","templated":true}]}}